{"id":2,"date":"2026-04-08T07:51:22","date_gmt":"2026-04-08T07:51:22","guid":{"rendered":"https:\/\/pege.wotech.at\/?page_id=2"},"modified":"2026-04-08T08:17:58","modified_gmt":"2026-04-08T08:17:58","slug":"sample-page","status":"publish","type":"page","link":"https:\/\/pege.wotech.at\/","title":{"rendered":"Herzlich Willkommen"},"content":{"rendered":"<div>\n<div id=\"element_19984285\" onetimeunique=\"f9baf46072de06f87d17402d5befef11\" class=\"wc_element wc_element_row\">\n<div>\n<div id=\"element_19984286\" onetimeunique=\"5c3528106eed3a0b5382d31c43491b8c\" class=\"wc_element wc_element_col\">\n<div>\n<div wire:id=\"k7zNaetu91e0Kwt7lu6Q\" id=\"element_19984287\" onetimeunique=\"a50d5e9432c8a0b2d07e04a75103ec79\" class=\"wc_element wc_element_image\">\n<div class=\"wc_element_image_container\">\n<div>\n<h4><span class=\"\"><span class=\"textcolor-secondaryColor\"><b><span class=\"custom-fontsize\">P<\/span><\/b><\/span><\/span><span class=\"custom-fontsize\"><span class=\"textcolor-secondaryColor\"><b>hotovoltaik<\/b><\/span><\/span><\/h4>\n<ul>\n<li class=\"kleinstyle\">Photovoltaikanlagen<\/li>\n<li class=\"kleinstyle\">Batteriespeicher<\/li>\n<li class=\"kleinstyle\">Blackout Vorsorge<\/li>\n<li class=\"kleinstyle\">E-Ladestationen(Wallbox)<\/li>\n<\/ul>\n<\/div>\n<div class=\"wc_element_image_container_wrapper contain vCenter hCenter\"><img loading=\"lazy\" decoding=\"async\" src=\"https:\/\/www.pege-technik.at\/files\/userdata\/thumbs\/compressed\/883916.jpg\" alt=\"\" width=\"710\" height=\"473\" class=\"\" \/><\/div>\n<div><\/div>\n<div>\n<h4><strong><span class=\"\"><span class=\"custom-fontsize\">E<\/span><\/span><\/strong><span class=\"custom-fontsize\"><strong>nergiemanagement<\/strong><br \/>\n<\/span><\/h4>\n<ul>\n<li class=\"kleinstyle\">Energiemessungen<\/li>\n<li class=\"kleinstyle\">Stromverbrauchsanalysen<\/li>\n<li class=\"kleinstyle\">Optimierungskonzepte<\/li>\n<li class=\"kleinstyle\">L\u00f6sungsvorschl\u00e4ge<\/li>\n<\/ul>\n<\/div>\n<\/div>\n<\/div>\n<\/div>\n<\/div>\n<\/div>\n<div>\n<div id=\"element_19984290\" onetimeunique=\"9c86078894a63e4a6adb1f804e202eb8\" class=\"wc_element wc_element_col\">\n<div>\n<div wire:id=\"2s9IkEZfauLe3G3Fa3uZ\" id=\"element_19984291\" onetimeunique=\"b3330d3fb2fcfca341cab7b9f3b0c303\" class=\"wc_element wc_element_image\">\n<div class=\"wc_element_image_container\">\n<div class=\"wc_element_image_container_wrapper contain vCenter hCenter\"><img loading=\"lazy\" decoding=\"async\" src=\"https:\/\/www.pege-technik.at\/files\/userdata\/thumbs\/compressed\/214362.jpg\" alt=\"\" width=\"695\" height=\"599\" class=\"\" \/><\/div>\n<div><\/div>\n<\/div>\n<\/div>\n<\/div>\n<\/div>\n<\/div>\n<div>\n<div id=\"element_19984292\" onetimeunique=\"46d9da458c7c65eb9b2b80d151d62351\" class=\"wc_element wc_element_col\">\n<div>\n<div id=\"element_19984293\" onetimeunique=\"eba62c424f4c5d83b7423290ff7ea552\" class=\"wc_element wc_element_text\">\n<div class=\"wc_element_text_inner\">\n<h4><strong><span class=\"\"><span class=\"custom-fontsize\">G<\/span><\/span><\/strong><span class=\"custom-fontsize\"><strong>eb\u00e4udeautomation<\/strong><br \/>\n<\/span><\/h4>\n<ul>\n<li class=\"kleinstyle\">Geb\u00e4udetechnik\/Leitsysteme<\/li>\n<li class=\"kleinstyle\">Smart Homes<\/li>\n<li class=\"kleinstyle\">SPS-Steuerungen<\/li>\n<li class=\"kleinstyle\">Individuelle L\u00f6sungen<\/li>\n<\/ul>\n<\/div>\n<\/div>\n<\/div>\n<\/div>\n<\/div>\n<\/div>\n<\/div>\n<div>\n<div id=\"element_19984294\" onetimeunique=\"131a1a4279f6c5d6e17ce135925ab2f3\" class=\"wc_element wc_element_spacer\"><\/div>\n<\/div>\n<div>\n<div id=\"element_19984295\" onetimeunique=\"a76094ffc1130d041507a02ac43dd2ce\" class=\"wc_element wc_element_row\">\n<div>\n<div id=\"element_19984296\" onetimeunique=\"4fadd2e320fda930c135382494782824\" class=\"wc_element wc_element_col\">\n<div>\n<div wire:id=\"K36TAFQG11hJu7Tl533u\" id=\"element_19984297\" onetimeunique=\"8a8d64df5260cbce439d43fc2fe58ece\" class=\"wc_element wc_element_image\">\n<div class=\"wc_element_image_container\">\n<div class=\"wc_element_image_container_wrapper contain vCenter hCenter\"><img loading=\"lazy\" decoding=\"async\" src=\"https:\/\/www.pege-technik.at\/files\/userdata\/thumbs\/compressed\/1003330.jpg\" alt=\"\" width=\"811\" height=\"541\" class=\"\" \/><\/div>\n<div><\/div>\n<\/div>\n<div>\n<h4><strong><span class=\"\"><span class=\"custom-fontsize\">E<\/span><\/span><span class=\"custom-fontsize\">lektrotechnik<\/span><\/strong><\/h4>\n<ul>\n<li class=\"kleinstyle\">Elektroinstallationen<\/li>\n<li class=\"kleinstyle\">SAT-Anlagen<\/li>\n<li class=\"kleinstyle\">Alarm- und Videoanlagen<\/li>\n<li class=\"kleinstyle\">Blitzschutz\/Erdungsanlagen<\/li>\n<\/ul>\n<\/div>\n<\/div>\n<\/div>\n<\/div>\n<\/div>\n<div>\n<div id=\"element_19984298\" onetimeunique=\"c3876cea7619e2024087ffcd8707e7ae\" class=\"wc_element wc_element_col\">\n<div>\n<div id=\"element_19984299\" onetimeunique=\"1031c8c89cfb4d26916aafe574297db9\" class=\"wc_element wc_element_text\"><\/div>\n<\/div>\n<\/div>\n<\/div>\n<div>\n<div id=\"element_19984300\" onetimeunique=\"1cb3e9dc55be8ac8482a46296f2600f3\" class=\"wc_element wc_element_col\">\n<div>\n<div wire:id=\"H54xv1dOn6nI7PTGX9DR\" id=\"element_19984301\" onetimeunique=\"083413394a00bf2ecfe5109acfa4f00c\" class=\"wc_element wc_element_image\">\n<div class=\"wc_element_image_container\">\n<div class=\"wc_element_image_container_wrapper contain vCenter hCenter\"><img loading=\"lazy\" decoding=\"async\" src=\"https:\/\/www.pege-technik.at\/files\/userdata\/thumbs\/compressed\/1003332.jpg\" alt=\"\" width=\"911\" height=\"608\" class=\"\" \/><\/div>\n<\/div>\n<\/div>\n<\/div>\n<\/div>\n<\/div>\n<\/div>\n<\/div>\n","protected":false},"excerpt":{"rendered":"<p>Photovoltaik Photovoltaikanlagen Batteriespeicher Blackout Vorsorge E-Ladestationen(Wallbox) Energiemanagement Energiemessungen Stromverbrauchsanalysen Optimierungskonzepte L\u00f6sungsvorschl\u00e4ge Geb\u00e4udeautomation Geb\u00e4udetechnik\/Leitsysteme Smart Homes SPS-Steuerungen Individuelle L\u00f6sungen Elektrotechnik Elektroinstallationen SAT-Anlagen Alarm- und Videoanlagen Blitzschutz\/Erdungsanlagen<\/p>\n","protected":false},"author":1,"featured_media":0,"parent":0,"menu_order":0,"comment_status":"closed","ping_status":"open","template":"","meta":{"footnotes":""},"class_list":["post-2","page","type-page","status-publish","hentry"],"_links":{"self":[{"href":"https:\/\/pege.wotech.at\/index.php?rest_route=\/wp\/v2\/pages\/2","targetHints":{"allow":["GET"]}}],"collection":[{"href":"https:\/\/pege.wotech.at\/index.php?rest_route=\/wp\/v2\/pages"}],"about":[{"href":"https:\/\/pege.wotech.at\/index.php?rest_route=\/wp\/v2\/types\/page"}],"author":[{"embeddable":true,"href":"https:\/\/pege.wotech.at\/index.php?rest_route=\/wp\/v2\/users\/1"}],"replies":[{"embeddable":true,"href":"https:\/\/pege.wotech.at\/index.php?rest_route=%2Fwp%2Fv2%2Fcomments&post=2"}],"version-history":[{"count":3,"href":"https:\/\/pege.wotech.at\/index.php?rest_route=\/wp\/v2\/pages\/2\/revisions"}],"predecessor-version":[{"id":65,"href":"https:\/\/pege.wotech.at\/index.php?rest_route=\/wp\/v2\/pages\/2\/revisions\/65"}],"wp:attachment":[{"href":"https:\/\/pege.wotech.at\/index.php?rest_route=%2Fwp%2Fv2%2Fmedia&parent=2"}],"curies":[{"name":"wp","href":"https:\/\/api.w.org\/{rel}","templated":true}]}}