{"id":31,"date":"2026-04-08T08:03:12","date_gmt":"2026-04-08T08:03:12","guid":{"rendered":"https:\/\/pege.wotech.at\/?page_id=31"},"modified":"2026-04-08T08:22:14","modified_gmt":"2026-04-08T08:22:14","slug":"leistungen","status":"publish","type":"page","link":"https:\/\/pege.wotech.at\/?page_id=31","title":{"rendered":"Leistungen"},"content":{"rendered":"<div>\n<div id=\"element_19929190\" onetimeunique=\"bef52d1083823d08d28d948ba7211a41\" class=\"wc_element wc_element_text\">\n<div class=\"wc_element_text_inner\">\n<h3 class=\"style_h3\" align=\"center\" style=\"text-align: center;\"><b><span class=\"textcolor-primaryColor\">Eine moderne Elektroinstallation sollte nicht nur sicher, sondern auch sch\u00f6n und komfortabel sein.<\/span><\/b><\/h3>\n<\/div>\n<\/div>\n<\/div>\n<div style=\"text-align: center;\">\n<div id=\"element_19930818\" onetimeunique=\"5f0b13819c9a61c7c2dfd6ede5d87f64\" class=\"wc_element wc_element_text\">\n<div class=\"wc_element_text_inner\">\n<h4 align=\"center\"><span class=\"textcolor-quaternaryColor\"><span class=\"custom-fontsize\">Unser Leistungsangebot<\/span><\/span><\/h4>\n<p><span style=\"font-size: 12pt;\"><strong><span style=\"color: #3366ff;\">P<\/span><\/strong>hotovoltaikanlagen | <strong><span style=\"color: #3366ff;\">E<\/span><\/strong>nergiemanagement | <strong><span style=\"color: #3366ff;\">G<\/span><\/strong>eb\u00e4udeautomation | <strong><span style=\"color: #3366ff;\">E<\/span><\/strong>lektrotechnik<\/span><\/p>\n<\/div>\n<\/div>\n<\/div>\n<div onetimeunique=\"b7cdeefd8661d9e5b684078e686d17d6\" class=\"wc_element wc_element_spacer\">\n<p style=\"text-align: center;\"><em><span style=\"color: #3366ff; font-size: 18pt;\"><strong>Private Geb\u00e4ude- und Anlagen<\/strong><\/span><\/em><\/p>\n<p style=\"text-align: center;\">Ein- und Mehrfamilienh\u00e4user<br \/>\nWohnungen<br \/>\nWochenendh\u00e4user<br \/>\nLandwirtschaftl. Anlagen<\/p>\n<p>&nbsp;<\/p>\n<p style=\"text-align: center;\"><em><span style=\"font-size: 18pt;\"><strong><span style=\"color: #3366ff;\">Gewerbe- und Verkaufslokale<\/span><\/strong><\/span><\/em><\/p>\n<p style=\"text-align: center;\">Gesch\u00e4ftslokale<br \/>\nGewerbebetriebe<br \/>\nWohnhausanlagen<br \/>\nB\u00fcrogeb\u00e4ude<\/p>\n<p>&nbsp;<\/p>\n<p style=\"text-align: center;\"><em><span style=\"color: #3366ff; font-size: 18pt;\"><strong>Industrieanlagen<\/strong><\/span><\/em><\/p>\n<p style=\"text-align: center;\">Produktions-\/Lagerhallen<\/p>\n<p style=\"text-align: center;\">Sicherheitstechnik<br \/>\nBrandmeldeanlagen<br \/>\nGeb\u00e4ude- und Leittechnik<\/p>\n<\/div>\n<div onetimeunique=\"b7cdeefd8661d9e5b684078e686d17d6\"><\/div>\n<div onetimeunique=\"b7cdeefd8661d9e5b684078e686d17d6\"><\/div>\n<div onetimeunique=\"b7cdeefd8661d9e5b684078e686d17d6\" style=\"text-align: center;\"><\/div>\n<div>\n<div id=\"element_19929977\" onetimeunique=\"6dff74d7b82463cd8de34be009d3e532\" class=\"wc_element wc_element_row\">\n<div style=\"text-align: center;\">\n<div id=\"element_19929978\" onetimeunique=\"3831061d7481982302e2a9e92904b58a\" class=\"wc_element wc_element_col\">\n<div>\n<div wire:id=\"bxXeEq35I36SEkTRUkYk\" id=\"element_19929979\" onetimeunique=\"3255fd44320aa677b413e92df25ed2bd\" class=\"wc_element wc_element_image\">\n<div class=\"wc_element_image_container\">\n<div class=\"wc_element_image_container_wrapper contain vCenter hCenter height-fixed\"><img loading=\"lazy\" decoding=\"async\" src=\"https:\/\/www.pege-technik.at\/files\/userdata\/thumbs\/compressed\/1003341.jpg\" alt=\"\" width=\"320\" height=\"213\" class=\"alignleft\" \/><\/div>\n<\/div>\n<\/div>\n<\/div>\n<\/div>\n<\/div>\n<div style=\"text-align: center;\">\n<div id=\"element_19929980\" onetimeunique=\"c3adf5fd1b7bcc021949530823b556a7\" class=\"wc_element wc_element_col\">\n<div>\n<div wire:id=\"jTO6aNBuBGgBdEdgJCmh\" id=\"element_19929981\" onetimeunique=\"247ba327dd0dc416699d5dce16178988\" class=\"wc_element wc_element_image\">\n<div class=\"wc_element_image_container\">\n<div class=\"wc_element_image_container_wrapper contain vCenter hCenter height-fixed\"><img loading=\"lazy\" decoding=\"async\" src=\"https:\/\/www.pege-technik.at\/files\/userdata\/thumbs\/compressed\/1003340.jpg\" alt=\"\" width=\"360\" height=\"240\" class=\"alignleft\" \/><\/div>\n<\/div>\n<\/div>\n<\/div>\n<\/div>\n<\/div>\n<div style=\"text-align: center;\">\n<div id=\"element_19929982\" onetimeunique=\"709e791c317c3ec817e45f59fb13629b\" class=\"wc_element wc_element_col\">\n<div>\n<div wire:id=\"7gpX0kGULD1c5Pa3WrNd\" id=\"element_19929983\" onetimeunique=\"d388ea2fd64ce52cad1673a9ab4dde46\" class=\"wc_element wc_element_image\">\n<div class=\"wc_element_image_container\">\n<div class=\"wc_element_image_container_wrapper contain vCenter hCenter height-fixed\"><img loading=\"lazy\" decoding=\"async\" src=\"https:\/\/www.pege-technik.at\/files\/userdata\/thumbs\/compressed\/1003342.jpg\" alt=\"\" width=\"356\" height=\"237\" class=\"alignleft\" \/><\/div>\n<\/div>\n<\/div>\n<\/div>\n<\/div>\n<\/div>\n<div class=\"divCleaner\" style=\"text-align: center;\"><\/div>\n<\/div>\n<\/div>\n","protected":false},"excerpt":{"rendered":"<p>Eine moderne Elektroinstallation sollte nicht nur sicher, sondern auch sch\u00f6n und komfortabel sein. Unser Leistungsangebot Photovoltaikanlagen | Energiemanagement | Geb\u00e4udeautomation | Elektrotechnik Private Geb\u00e4ude- und Anlagen Ein- und Mehrfamilienh\u00e4user Wohnungen Wochenendh\u00e4user Landwirtschaftl. Anlagen &nbsp; Gewerbe- und Verkaufslokale Gesch\u00e4ftslokale Gewerbebetriebe Wohnhausanlagen B\u00fcrogeb\u00e4ude &nbsp; Industrieanlagen Produktions-\/Lagerhallen Sicherheitstechnik Brandmeldeanlagen Geb\u00e4ude- und Leittechnik<\/p>\n","protected":false},"author":1,"featured_media":0,"parent":0,"menu_order":0,"comment_status":"closed","ping_status":"closed","template":"","meta":{"footnotes":""},"class_list":["post-31","page","type-page","status-publish","hentry"],"_links":{"self":[{"href":"https:\/\/pege.wotech.at\/index.php?rest_route=\/wp\/v2\/pages\/31","targetHints":{"allow":["GET"]}}],"collection":[{"href":"https:\/\/pege.wotech.at\/index.php?rest_route=\/wp\/v2\/pages"}],"about":[{"href":"https:\/\/pege.wotech.at\/index.php?rest_route=\/wp\/v2\/types\/page"}],"author":[{"embeddable":true,"href":"https:\/\/pege.wotech.at\/index.php?rest_route=\/wp\/v2\/users\/1"}],"replies":[{"embeddable":true,"href":"https:\/\/pege.wotech.at\/index.php?rest_route=%2Fwp%2Fv2%2Fcomments&post=31"}],"version-history":[{"count":5,"href":"https:\/\/pege.wotech.at\/index.php?rest_route=\/wp\/v2\/pages\/31\/revisions"}],"predecessor-version":[{"id":68,"href":"https:\/\/pege.wotech.at\/index.php?rest_route=\/wp\/v2\/pages\/31\/revisions\/68"}],"wp:attachment":[{"href":"https:\/\/pege.wotech.at\/index.php?rest_route=%2Fwp%2Fv2%2Fmedia&parent=31"}],"curies":[{"name":"wp","href":"https:\/\/api.w.org\/{rel}","templated":true}]}}